{"id":1910,"date":"2025-01-23T17:42:39","date_gmt":"2025-01-23T16:42:39","guid":{"rendered":"https:\/\/www.formasegur.es\/web\/?post_type=product&#038;p=1910"},"modified":"2025-02-12T10:29:03","modified_gmt":"2025-02-12T09:29:03","slug":"expertos-en-procesos-operativos","status":"publish","type":"product","link":"https:\/\/www.formasegur.es\/web\/producto\/expertos-en-procesos-operativos\/","title":{"rendered":"Expertos en procesos operativos"},"content":{"rendered":"<h4 class=\"wp-block-heading\">Para cuadros de mando de seguridad privada.<\/h4>\n<p>Un experto en procesos operativos de seguridad se encarga de dise\u00f1ar, implementar y supervisar las estrategias y procedimientos necesarios para garantizar la protecci\u00f3n de personas, bienes e informaci\u00f3n en diversos entornos.<\/p>\n<p>Algunas de las funciones clave incluyen:<\/p>\n<ul class=\"wp-block-list\">\n<li><strong>Evaluaci\u00f3n de riesgos:<\/strong>\u00a0Identificar amenazas potenciales y vulnerabilidades para desarrollar planes de seguridad efectivos.<\/li>\n<\/ul>\n<ul class=\"wp-block-list\">\n<li><strong>Planificaci\u00f3n estrat\u00e9gica:<\/strong>\u00a0Crear pol\u00edticas y procedimientos operativos est\u00e1ndar para responder a diferentes situaciones de emergencia.<\/li>\n<\/ul>\n<ul class=\"wp-block-list\">\n<li><strong>Gesti\u00f3n de recursos humanos:<\/strong>\u00a0Seleccionar, capacitar y supervisar al personal de seguridad para asegurar el cumplimiento de los est\u00e1ndares y regulaciones.<\/li>\n<\/ul>\n<ul class=\"wp-block-list\">\n<li><strong>Implementaci\u00f3n de tecnolog\u00eda:<\/strong>\u00a0Utilizar tecnolog\u00edas avanzadas, como c\u00e1maras de vigilancia y sistemas de control de acceso, para mejorar la seguridad.<\/li>\n<\/ul>\n<ul class=\"wp-block-list\">\n<li><strong>Auditor\u00edas y evaluaciones:<\/strong>\u00a0Realizar evaluaciones peri\u00f3dicas de los protocolos de seguridad para identificar \u00e1reas de mejora continua.<\/li>\n<\/ul>\n<p>Este rol requiere habilidades de liderazgo, atenci\u00f3n al detalle y una comprensi\u00f3n profunda de la normativa en materia de seguridad.<\/p>\n<p>\u00bfQu\u00e9 aprender\u00e1s en este curso?<\/p>\n<p>Este curso est\u00e1 dise\u00f1ado para que cualquier alumno pueda realizarlo desde cualquier parte, a su ritmo, y con el acompa\u00f1amiento de un tutor, el cual le guiara durante todo el proceso formativo.<\/p>\n<p>En\u00a0<strong>FORMASEGUR<\/strong>, creemos que el conocimiento te\u00f3rico debe ir acompa\u00f1ado de pr\u00e1cticas reales. Por ello, el curso incluye estudios de caso y simulaciones de situaciones en las que los alumnos aprenden a aplicar sus conocimientos en contextos que simulan la realidad. Esto permite que los alumnos enfrenten con seguridad y precisi\u00f3n los grandes desaf\u00edos de este sector.<\/p>\n<p>\u00bfPor qu\u00e9 elegir este curso?<\/p>\n<p>Este curso est\u00e1 dise\u00f1ado para personas que buscan especializarse en un \u00e1rea de alta responsabilidad dentro del \u00e1mbito de la seguridad y en la gesti\u00f3n de equipos.<\/p>\n<p>En FORMASEGUR, nuestro objetivo es proporcionar una formaci\u00f3n que no solo sea pr\u00e1ctica y \u00fatil, sino tambi\u00e9n profundamente \u00e9tica.<\/p>\n<p>Los alumnos no solo adquieren conocimientos t\u00e9cnicos, sino tambi\u00e9n una comprensi\u00f3n del impacto social que tiene su labor.<\/p>\n","protected":false},"excerpt":{"rendered":"<p>Para cuadros de mando de seguridad privada. Un experto en procesos operativos de seguridad se encarga de dise\u00f1ar, implementar y supervisar las estrategias y procedimientos necesarios para garantizar la protecci\u00f3n de personas, bienes e informaci\u00f3n en diversos entornos. Algunas de las funciones clave incluyen: Evaluaci\u00f3n de riesgos:\u00a0Identificar amenazas potenciales y vulnerabilidades para desarrollar planes de [&hellip;]<\/p>\n","protected":false},"featured_media":1942,"comment_status":"open","ping_status":"closed","template":"","meta":{"site-sidebar-layout":"default","site-content-layout":"","ast-site-content-layout":"default","site-content-style":"default","site-sidebar-style":"default","ast-global-header-display":"","ast-banner-title-visibility":"","ast-main-header-display":"","ast-hfb-above-header-display":"","ast-hfb-below-header-display":"","ast-hfb-mobile-header-display":"","site-post-title":"","ast-breadcrumbs-content":"","ast-featured-img":"","footer-sml-layout":"","theme-transparent-header-meta":"default","adv-header-id-meta":"","stick-header-meta":"default","header-above-stick-meta":"","header-main-stick-meta":"","header-below-stick-meta":"","astra-migrate-meta-layouts":"set","ast-page-background-enabled":"default","ast-page-background-meta":{"desktop":{"background-color":"","background-image":"","background-repeat":"repeat","background-position":"center center","background-size":"auto","background-attachment":"scroll","background-type":"","background-media":"","overlay-type":"","overlay-color":"","overlay-opacity":"","overlay-gradient":""},"tablet":{"background-color":"","background-image":"","background-repeat":"repeat","background-position":"center center","background-size":"auto","background-attachment":"scroll","background-type":"","background-media":"","overlay-type":"","overlay-color":"","overlay-opacity":"","overlay-gradient":""},"mobile":{"background-color":"","background-image":"","background-repeat":"repeat","background-position":"center center","background-size":"auto","background-attachment":"scroll","background-type":"","background-media":"","overlay-type":"","overlay-color":"","overlay-opacity":"","overlay-gradient":""}},"ast-content-background-meta":{"desktop":{"background-color":"var(--ast-global-color-5)","background-image":"","background-repeat":"repeat","background-position":"center center","background-size":"auto","background-attachment":"scroll","background-type":"","background-media":"","overlay-type":"","overlay-color":"","overlay-opacity":"","overlay-gradient":""},"tablet":{"background-color":"var(--ast-global-color-5)","background-image":"","background-repeat":"repeat","background-position":"center center","background-size":"auto","background-attachment":"scroll","background-type":"","background-media":"","overlay-type":"","overlay-color":"","overlay-opacity":"","overlay-gradient":""},"mobile":{"background-color":"var(--ast-global-color-5)","background-image":"","background-repeat":"repeat","background-position":"center center","background-size":"auto","background-attachment":"scroll","background-type":"","background-media":"","overlay-type":"","overlay-color":"","overlay-opacity":"","overlay-gradient":""}}},"product_brand":[],"product_cat":[29],"product_tag":[],"class_list":{"0":"post-1910","1":"product","2":"type-product","3":"status-publish","4":"has-post-thumbnail","6":"product_cat-sin-categorizar","7":"desktop-align-left","8":"tablet-align-left","9":"mobile-align-left","10":"ast-product-gallery-layout-horizontal-slider","11":"ast-magnify-disabled","12":"ast-product-tabs-layout-horizontal","14":"first","15":"instock","16":"shipping-taxable","17":"purchasable","18":"product-type-simple"},"yoast_head":"<!-- This site is optimized with the Yoast SEO plugin v27.6 - https:\/\/yoast.com\/product\/yoast-seo-wordpress\/ -->\n<title>Expertos en procesos operativos - Formasegur<\/title>\n<meta name=\"robots\" content=\"index, follow, max-snippet:-1, max-image-preview:large, max-video-preview:-1\" \/>\n<link rel=\"canonical\" href=\"https:\/\/www.formasegur.es\/web\/producto\/expertos-en-procesos-operativos\/\" \/>\n<meta property=\"og:locale\" content=\"es_ES\" \/>\n<meta property=\"og:type\" content=\"article\" \/>\n<meta property=\"og:title\" content=\"Expertos en procesos operativos - Formasegur\" \/>\n<meta property=\"og:description\" content=\"Para cuadros de mando de seguridad privada. Un experto en procesos operativos de seguridad se encarga de dise\u00f1ar, implementar y supervisar las estrategias y procedimientos necesarios para garantizar la protecci\u00f3n de personas, bienes e informaci\u00f3n en diversos entornos. Algunas de las funciones clave incluyen: Evaluaci\u00f3n de riesgos:\u00a0Identificar amenazas potenciales y vulnerabilidades para desarrollar planes de [&hellip;]\" \/>\n<meta property=\"og:url\" content=\"https:\/\/www.formasegur.es\/web\/producto\/expertos-en-procesos-operativos\/\" \/>\n<meta property=\"og:site_name\" content=\"Formasegur\" \/>\n<meta property=\"article:modified_time\" content=\"2025-02-12T09:29:03+00:00\" \/>\n<meta property=\"og:image\" content=\"https:\/\/www.formasegur.es\/web\/wp-content\/uploads\/2025\/01\/1.jpg\" \/>\n\t<meta property=\"og:image:width\" content=\"1000\" \/>\n\t<meta property=\"og:image:height\" content=\"1000\" \/>\n\t<meta property=\"og:image:type\" content=\"image\/jpeg\" \/>\n<meta name=\"twitter:card\" content=\"summary_large_image\" \/>\n<meta name=\"twitter:label1\" content=\"Tiempo de lectura\" \/>\n\t<meta name=\"twitter:data1\" content=\"2 minutos\" \/>\n<script type=\"application\/ld+json\" class=\"yoast-schema-graph\">{\"@context\":\"https:\\\/\\\/schema.org\",\"@graph\":[{\"@type\":\"WebPage\",\"@id\":\"https:\\\/\\\/www.formasegur.es\\\/web\\\/producto\\\/expertos-en-procesos-operativos\\\/\",\"url\":\"https:\\\/\\\/www.formasegur.es\\\/web\\\/producto\\\/expertos-en-procesos-operativos\\\/\",\"name\":\"Expertos en procesos operativos - Formasegur\",\"isPartOf\":{\"@id\":\"https:\\\/\\\/www.formasegur.es\\\/web\\\/#website\"},\"primaryImageOfPage\":{\"@id\":\"https:\\\/\\\/www.formasegur.es\\\/web\\\/producto\\\/expertos-en-procesos-operativos\\\/#primaryimage\"},\"image\":{\"@id\":\"https:\\\/\\\/www.formasegur.es\\\/web\\\/producto\\\/expertos-en-procesos-operativos\\\/#primaryimage\"},\"thumbnailUrl\":\"https:\\\/\\\/www.formasegur.es\\\/web\\\/wp-content\\\/uploads\\\/2025\\\/01\\\/1.jpg\",\"datePublished\":\"2025-01-23T16:42:39+00:00\",\"dateModified\":\"2025-02-12T09:29:03+00:00\",\"breadcrumb\":{\"@id\":\"https:\\\/\\\/www.formasegur.es\\\/web\\\/producto\\\/expertos-en-procesos-operativos\\\/#breadcrumb\"},\"inLanguage\":\"es\",\"potentialAction\":[{\"@type\":\"ReadAction\",\"target\":[\"https:\\\/\\\/www.formasegur.es\\\/web\\\/producto\\\/expertos-en-procesos-operativos\\\/\"]}]},{\"@type\":\"ImageObject\",\"inLanguage\":\"es\",\"@id\":\"https:\\\/\\\/www.formasegur.es\\\/web\\\/producto\\\/expertos-en-procesos-operativos\\\/#primaryimage\",\"url\":\"https:\\\/\\\/www.formasegur.es\\\/web\\\/wp-content\\\/uploads\\\/2025\\\/01\\\/1.jpg\",\"contentUrl\":\"https:\\\/\\\/www.formasegur.es\\\/web\\\/wp-content\\\/uploads\\\/2025\\\/01\\\/1.jpg\",\"width\":1000,\"height\":1000},{\"@type\":\"BreadcrumbList\",\"@id\":\"https:\\\/\\\/www.formasegur.es\\\/web\\\/producto\\\/expertos-en-procesos-operativos\\\/#breadcrumb\",\"itemListElement\":[{\"@type\":\"ListItem\",\"position\":1,\"name\":\"Portada\",\"item\":\"https:\\\/\\\/www.formasegur.es\\\/web\\\/\"},{\"@type\":\"ListItem\",\"position\":2,\"name\":\"Cursos\",\"item\":\"https:\\\/\\\/www.formasegur.es\\\/web\\\/?page_id=147\"},{\"@type\":\"ListItem\",\"position\":3,\"name\":\"Expertos en procesos operativos\"}]},{\"@type\":\"WebSite\",\"@id\":\"https:\\\/\\\/www.formasegur.es\\\/web\\\/#website\",\"url\":\"https:\\\/\\\/www.formasegur.es\\\/web\\\/\",\"name\":\"Forma Segur\",\"description\":\"Formaci\u00f3n online especializada en seguridad y emergencias\",\"publisher\":{\"@id\":\"https:\\\/\\\/www.formasegur.es\\\/web\\\/#organization\"},\"potentialAction\":[{\"@type\":\"SearchAction\",\"target\":{\"@type\":\"EntryPoint\",\"urlTemplate\":\"https:\\\/\\\/www.formasegur.es\\\/web\\\/?s={search_term_string}\"},\"query-input\":{\"@type\":\"PropertyValueSpecification\",\"valueRequired\":true,\"valueName\":\"search_term_string\"}}],\"inLanguage\":\"es\"},{\"@type\":\"Organization\",\"@id\":\"https:\\\/\\\/www.formasegur.es\\\/web\\\/#organization\",\"name\":\"Forma Segur\",\"url\":\"https:\\\/\\\/www.formasegur.es\\\/web\\\/\",\"logo\":{\"@type\":\"ImageObject\",\"inLanguage\":\"es\",\"@id\":\"https:\\\/\\\/www.formasegur.es\\\/web\\\/#\\\/schema\\\/logo\\\/image\\\/\",\"url\":\"https:\\\/\\\/www.formasegur.es\\\/web\\\/wp-content\\\/uploads\\\/2024\\\/10\\\/cropped-Titulo.png\",\"contentUrl\":\"https:\\\/\\\/www.formasegur.es\\\/web\\\/wp-content\\\/uploads\\\/2024\\\/10\\\/cropped-Titulo.png\",\"width\":891,\"height\":283,\"caption\":\"Forma Segur\"},\"image\":{\"@id\":\"https:\\\/\\\/www.formasegur.es\\\/web\\\/#\\\/schema\\\/logo\\\/image\\\/\"}}]}<\/script>\n<!-- \/ Yoast SEO plugin. -->","yoast_head_json":{"title":"Expertos en procesos operativos - Formasegur","robots":{"index":"index","follow":"follow","max-snippet":"max-snippet:-1","max-image-preview":"max-image-preview:large","max-video-preview":"max-video-preview:-1"},"canonical":"https:\/\/www.formasegur.es\/web\/producto\/expertos-en-procesos-operativos\/","og_locale":"es_ES","og_type":"article","og_title":"Expertos en procesos operativos - Formasegur","og_description":"Para cuadros de mando de seguridad privada. Un experto en procesos operativos de seguridad se encarga de dise\u00f1ar, implementar y supervisar las estrategias y procedimientos necesarios para garantizar la protecci\u00f3n de personas, bienes e informaci\u00f3n en diversos entornos. Algunas de las funciones clave incluyen: Evaluaci\u00f3n de riesgos:\u00a0Identificar amenazas potenciales y vulnerabilidades para desarrollar planes de [&hellip;]","og_url":"https:\/\/www.formasegur.es\/web\/producto\/expertos-en-procesos-operativos\/","og_site_name":"Formasegur","article_modified_time":"2025-02-12T09:29:03+00:00","og_image":[{"width":1000,"height":1000,"url":"https:\/\/www.formasegur.es\/web\/wp-content\/uploads\/2025\/01\/1.jpg","type":"image\/jpeg"}],"twitter_card":"summary_large_image","twitter_misc":{"Tiempo de lectura":"2 minutos"},"schema":{"@context":"https:\/\/schema.org","@graph":[{"@type":"WebPage","@id":"https:\/\/www.formasegur.es\/web\/producto\/expertos-en-procesos-operativos\/","url":"https:\/\/www.formasegur.es\/web\/producto\/expertos-en-procesos-operativos\/","name":"Expertos en procesos operativos - Formasegur","isPartOf":{"@id":"https:\/\/www.formasegur.es\/web\/#website"},"primaryImageOfPage":{"@id":"https:\/\/www.formasegur.es\/web\/producto\/expertos-en-procesos-operativos\/#primaryimage"},"image":{"@id":"https:\/\/www.formasegur.es\/web\/producto\/expertos-en-procesos-operativos\/#primaryimage"},"thumbnailUrl":"https:\/\/www.formasegur.es\/web\/wp-content\/uploads\/2025\/01\/1.jpg","datePublished":"2025-01-23T16:42:39+00:00","dateModified":"2025-02-12T09:29:03+00:00","breadcrumb":{"@id":"https:\/\/www.formasegur.es\/web\/producto\/expertos-en-procesos-operativos\/#breadcrumb"},"inLanguage":"es","potentialAction":[{"@type":"ReadAction","target":["https:\/\/www.formasegur.es\/web\/producto\/expertos-en-procesos-operativos\/"]}]},{"@type":"ImageObject","inLanguage":"es","@id":"https:\/\/www.formasegur.es\/web\/producto\/expertos-en-procesos-operativos\/#primaryimage","url":"https:\/\/www.formasegur.es\/web\/wp-content\/uploads\/2025\/01\/1.jpg","contentUrl":"https:\/\/www.formasegur.es\/web\/wp-content\/uploads\/2025\/01\/1.jpg","width":1000,"height":1000},{"@type":"BreadcrumbList","@id":"https:\/\/www.formasegur.es\/web\/producto\/expertos-en-procesos-operativos\/#breadcrumb","itemListElement":[{"@type":"ListItem","position":1,"name":"Portada","item":"https:\/\/www.formasegur.es\/web\/"},{"@type":"ListItem","position":2,"name":"Cursos","item":"https:\/\/www.formasegur.es\/web\/?page_id=147"},{"@type":"ListItem","position":3,"name":"Expertos en procesos operativos"}]},{"@type":"WebSite","@id":"https:\/\/www.formasegur.es\/web\/#website","url":"https:\/\/www.formasegur.es\/web\/","name":"Forma Segur","description":"Formaci\u00f3n online especializada en seguridad y emergencias","publisher":{"@id":"https:\/\/www.formasegur.es\/web\/#organization"},"potentialAction":[{"@type":"SearchAction","target":{"@type":"EntryPoint","urlTemplate":"https:\/\/www.formasegur.es\/web\/?s={search_term_string}"},"query-input":{"@type":"PropertyValueSpecification","valueRequired":true,"valueName":"search_term_string"}}],"inLanguage":"es"},{"@type":"Organization","@id":"https:\/\/www.formasegur.es\/web\/#organization","name":"Forma Segur","url":"https:\/\/www.formasegur.es\/web\/","logo":{"@type":"ImageObject","inLanguage":"es","@id":"https:\/\/www.formasegur.es\/web\/#\/schema\/logo\/image\/","url":"https:\/\/www.formasegur.es\/web\/wp-content\/uploads\/2024\/10\/cropped-Titulo.png","contentUrl":"https:\/\/www.formasegur.es\/web\/wp-content\/uploads\/2024\/10\/cropped-Titulo.png","width":891,"height":283,"caption":"Forma Segur"},"image":{"@id":"https:\/\/www.formasegur.es\/web\/#\/schema\/logo\/image\/"}}]}},"_links":{"self":[{"href":"https:\/\/www.formasegur.es\/web\/wp-json\/wp\/v2\/product\/1910","targetHints":{"allow":["GET"]}}],"collection":[{"href":"https:\/\/www.formasegur.es\/web\/wp-json\/wp\/v2\/product"}],"about":[{"href":"https:\/\/www.formasegur.es\/web\/wp-json\/wp\/v2\/types\/product"}],"replies":[{"embeddable":true,"href":"https:\/\/www.formasegur.es\/web\/wp-json\/wp\/v2\/comments?post=1910"}],"wp:featuredmedia":[{"embeddable":true,"href":"https:\/\/www.formasegur.es\/web\/wp-json\/wp\/v2\/media\/1942"}],"wp:attachment":[{"href":"https:\/\/www.formasegur.es\/web\/wp-json\/wp\/v2\/media?parent=1910"}],"wp:term":[{"taxonomy":"product_brand","embeddable":true,"href":"https:\/\/www.formasegur.es\/web\/wp-json\/wp\/v2\/product_brand?post=1910"},{"taxonomy":"product_cat","embeddable":true,"href":"https:\/\/www.formasegur.es\/web\/wp-json\/wp\/v2\/product_cat?post=1910"},{"taxonomy":"product_tag","embeddable":true,"href":"https:\/\/www.formasegur.es\/web\/wp-json\/wp\/v2\/product_tag?post=1910"}],"curies":[{"name":"wp","href":"https:\/\/api.w.org\/{rel}","templated":true}]}}